{"id":2328,"date":"2021-01-07T14:36:31","date_gmt":"2021-01-07T13:36:31","guid":{"rendered":"http:\/\/sintiundroma-nrw.de\/wordpress\/?page_id=2328"},"modified":"2025-09-02T14:11:29","modified_gmt":"2025-09-02T12:11:29","slug":"rueckblick-1993","status":"publish","type":"page","link":"http:\/\/sintiundroma-nrw.de\/wordpress\/rueckblick-1993\/","title":{"rendered":"R\u00fcckblick 1993"},"content":{"rendered":"\t\t<div data-elementor-type=\"wp-page\" data-elementor-id=\"2328\" class=\"elementor elementor-2328\">\n\t\t\t\t\t\t<section class=\"elementor-section elementor-top-section elementor-element elementor-element-667dd43f elementor-section-content-middle elementor-section-boxed elementor-section-height-default elementor-section-height-default\" data-id=\"667dd43f\" data-element_type=\"section\" data-e-type=\"section\">\n\t\t\t\t\t\t<div class=\"elementor-container elementor-column-gap-no\">\n\t\t\t\t\t<div class=\"elementor-column elementor-col-100 elementor-top-column elementor-element elementor-element-1c1de537\" data-id=\"1c1de537\" data-element_type=\"column\" data-e-type=\"column\">\n\t\t\t<div class=\"elementor-widget-wrap elementor-element-populated\">\n\t\t\t\t\t\t<div class=\"elementor-element elementor-element-17d52993 elementor-widget elementor-widget-heading\" data-id=\"17d52993\" data-element_type=\"widget\" data-e-type=\"widget\" data-widget_type=\"heading.default\">\n\t\t\t\t<div class=\"elementor-widget-container\">\n\t\t\t\t\t<h5 class=\"elementor-heading-title elementor-size-default\">1993<\/h5>\t\t\t\t<\/div>\n\t\t\t\t<\/div>\n\t\t\t\t<div class=\"elementor-element elementor-element-4c63931d elementor-widget elementor-widget-heading\" data-id=\"4c63931d\" data-element_type=\"widget\" data-e-type=\"widget\" data-widget_type=\"heading.default\">\n\t\t\t\t<div class=\"elementor-widget-container\">\n\t\t\t\t\t<h5 class=\"elementor-heading-title elementor-size-default\">Anl\u00e4sslich des 60. Jahrestages der Macht\u00fcbernahme der Nazis empfing Bundespr\u00e4sident Richard von Weizs\u00e4cker eine Delegation Deutscher Sinti und Roma. Darunter waren der Vorsitzende des Zentralrats Deutscher Sinti und Roma, Romani Rose, der 1. Vorsitzende des Landesverbands Deutscher Sinti und Roma in NRW, Hugo Franz sowie \u00dcberlebende des Konzentrationslagers Auschwitz. Der Zentralrat Deutscher Sinti und Roma verlangte, im ge\u00e4nderten Grundgesetz als Minderheit gesch\u00fctzt und gef\u00f6rdert zu werden.<\/h5>\t\t\t\t<\/div>\n\t\t\t\t<\/div>\n\t\t\t\t<div class=\"elementor-element elementor-element-92f6e4e gallery-spacing-custom elementor-widget elementor-widget-image-gallery\" data-id=\"92f6e4e\" data-element_type=\"widget\" data-e-type=\"widget\" data-widget_type=\"image-gallery.default\">\n\t\t\t\t<div class=\"elementor-widget-container\">\n\t\t\t\t\t\t\t<div class=\"elementor-image-gallery\">\n\t\t\t<div id='gallery-1' class='gallery galleryid-2328 gallery-columns-2 gallery-size-full'><figure class='gallery-item'>\n\t\t\t<div class='gallery-icon landscape'>\n\t\t\t\t<a data-elementor-open-lightbox=\"yes\" data-elementor-lightbox-slideshow=\"92f6e4e\" data-elementor-lightbox-title=\"Weizsaecker 09\" data-e-action-hash=\"#elementor-action%3Aaction%3Dlightbox%26settings%3DeyJpZCI6MjYwOCwidXJsIjoiaHR0cDpcL1wvc2ludGl1bmRyb21hLW5ydy5kZVwvd29yZHByZXNzXC93cC1jb250ZW50XC91cGxvYWRzXC8yMDIxXC8wMVwvV2VpenNhZWNrZXItMDktZTE2MTg5OTM3NzYxNDcuanBnIiwic2xpZGVzaG93IjoiOTJmNmU0ZSJ9\" href='http:\/\/sintiundroma-nrw.de\/wordpress\/wp-content\/uploads\/2021\/01\/Weizsaecker-09-e1618993776147.jpg'><img fetchpriority=\"high\" decoding=\"async\" width=\"1732\" height=\"1199\" src=\"http:\/\/sintiundroma-nrw.de\/wordpress\/wp-content\/uploads\/2021\/01\/Weizsaecker-09-e1618993776147.jpg\" class=\"attachment-full size-full\" alt=\"\" srcset=\"http:\/\/sintiundroma-nrw.de\/wordpress\/wp-content\/uploads\/2021\/01\/Weizsaecker-09-e1618993776147.jpg 1732w, http:\/\/sintiundroma-nrw.de\/wordpress\/wp-content\/uploads\/2021\/01\/Weizsaecker-09-e1618993776147-300x208.jpg 300w, http:\/\/sintiundroma-nrw.de\/wordpress\/wp-content\/uploads\/2021\/01\/Weizsaecker-09-e1618993776147-1024x709.jpg 1024w, http:\/\/sintiundroma-nrw.de\/wordpress\/wp-content\/uploads\/2021\/01\/Weizsaecker-09-e1618993776147-768x532.jpg 768w, http:\/\/sintiundroma-nrw.de\/wordpress\/wp-content\/uploads\/2021\/01\/Weizsaecker-09-e1618993776147-1536x1063.jpg 1536w\" sizes=\"(max-width: 1732px) 100vw, 1732px\" \/><\/a>\n\t\t\t<\/div><\/figure><figure class='gallery-item'>\n\t\t\t<div class='gallery-icon landscape'>\n\t\t\t\t<a data-elementor-open-lightbox=\"yes\" data-elementor-lightbox-slideshow=\"92f6e4e\" data-elementor-lightbox-title=\"Weizsaecker 08\" data-e-action-hash=\"#elementor-action%3Aaction%3Dlightbox%26settings%3DeyJpZCI6MjYwNywidXJsIjoiaHR0cDpcL1wvc2ludGl1bmRyb21hLW5ydy5kZVwvd29yZHByZXNzXC93cC1jb250ZW50XC91cGxvYWRzXC8yMDIxXC8wMVwvV2VpenNhZWNrZXItMDguanBnIiwic2xpZGVzaG93IjoiOTJmNmU0ZSJ9\" href='http:\/\/sintiundroma-nrw.de\/wordpress\/wp-content\/uploads\/2021\/01\/Weizsaecker-08.jpg'><img decoding=\"async\" width=\"1743\" height=\"1217\" src=\"http:\/\/sintiundroma-nrw.de\/wordpress\/wp-content\/uploads\/2021\/01\/Weizsaecker-08.jpg\" class=\"attachment-full size-full\" alt=\"\" srcset=\"http:\/\/sintiundroma-nrw.de\/wordpress\/wp-content\/uploads\/2021\/01\/Weizsaecker-08.jpg 1743w, http:\/\/sintiundroma-nrw.de\/wordpress\/wp-content\/uploads\/2021\/01\/Weizsaecker-08-300x209.jpg 300w, http:\/\/sintiundroma-nrw.de\/wordpress\/wp-content\/uploads\/2021\/01\/Weizsaecker-08-1024x715.jpg 1024w, http:\/\/sintiundroma-nrw.de\/wordpress\/wp-content\/uploads\/2021\/01\/Weizsaecker-08-768x536.jpg 768w, http:\/\/sintiundroma-nrw.de\/wordpress\/wp-content\/uploads\/2021\/01\/Weizsaecker-08-1536x1072.jpg 1536w\" sizes=\"(max-width: 1743px) 100vw, 1743px\" \/><\/a>\n\t\t\t<\/div><\/figure><figure class='gallery-item'>\n\t\t\t<div class='gallery-icon landscape'>\n\t\t\t\t<a data-elementor-open-lightbox=\"yes\" data-elementor-lightbox-slideshow=\"92f6e4e\" data-elementor-lightbox-title=\"Weizsaecker 07\" data-e-action-hash=\"#elementor-action%3Aaction%3Dlightbox%26settings%3DeyJpZCI6MjYwNiwidXJsIjoiaHR0cDpcL1wvc2ludGl1bmRyb21hLW5ydy5kZVwvd29yZHByZXNzXC93cC1jb250ZW50XC91cGxvYWRzXC8yMDIxXC8wMVwvV2VpenNhZWNrZXItMDcuanBnIiwic2xpZGVzaG93IjoiOTJmNmU0ZSJ9\" href='http:\/\/sintiundroma-nrw.de\/wordpress\/wp-content\/uploads\/2021\/01\/Weizsaecker-07.jpg'><img decoding=\"async\" width=\"1706\" height=\"1216\" src=\"http:\/\/sintiundroma-nrw.de\/wordpress\/wp-content\/uploads\/2021\/01\/Weizsaecker-07.jpg\" class=\"attachment-full size-full\" alt=\"\" srcset=\"http:\/\/sintiundroma-nrw.de\/wordpress\/wp-content\/uploads\/2021\/01\/Weizsaecker-07.jpg 1706w, http:\/\/sintiundroma-nrw.de\/wordpress\/wp-content\/uploads\/2021\/01\/Weizsaecker-07-300x214.jpg 300w, http:\/\/sintiundroma-nrw.de\/wordpress\/wp-content\/uploads\/2021\/01\/Weizsaecker-07-1024x730.jpg 1024w, http:\/\/sintiundroma-nrw.de\/wordpress\/wp-content\/uploads\/2021\/01\/Weizsaecker-07-768x547.jpg 768w, http:\/\/sintiundroma-nrw.de\/wordpress\/wp-content\/uploads\/2021\/01\/Weizsaecker-07-1536x1095.jpg 1536w\" sizes=\"(max-width: 1706px) 100vw, 1706px\" \/><\/a>\n\t\t\t<\/div><\/figure><figure class='gallery-item'>\n\t\t\t<div class='gallery-icon landscape'>\n\t\t\t\t<a data-elementor-open-lightbox=\"yes\" data-elementor-lightbox-slideshow=\"92f6e4e\" data-elementor-lightbox-title=\"Weizsaecker 06\" data-e-action-hash=\"#elementor-action%3Aaction%3Dlightbox%26settings%3DeyJpZCI6MjYwNSwidXJsIjoiaHR0cDpcL1wvc2ludGl1bmRyb21hLW5ydy5kZVwvd29yZHByZXNzXC93cC1jb250ZW50XC91cGxvYWRzXC8yMDIxXC8wMVwvV2VpenNhZWNrZXItMDYuanBnIiwic2xpZGVzaG93IjoiOTJmNmU0ZSJ9\" href='http:\/\/sintiundroma-nrw.de\/wordpress\/wp-content\/uploads\/2021\/01\/Weizsaecker-06.jpg'><img loading=\"lazy\" decoding=\"async\" width=\"1736\" height=\"1224\" src=\"http:\/\/sintiundroma-nrw.de\/wordpress\/wp-content\/uploads\/2021\/01\/Weizsaecker-06.jpg\" class=\"attachment-full size-full\" alt=\"\" srcset=\"http:\/\/sintiundroma-nrw.de\/wordpress\/wp-content\/uploads\/2021\/01\/Weizsaecker-06.jpg 1736w, http:\/\/sintiundroma-nrw.de\/wordpress\/wp-content\/uploads\/2021\/01\/Weizsaecker-06-300x212.jpg 300w, http:\/\/sintiundroma-nrw.de\/wordpress\/wp-content\/uploads\/2021\/01\/Weizsaecker-06-1024x722.jpg 1024w, http:\/\/sintiundroma-nrw.de\/wordpress\/wp-content\/uploads\/2021\/01\/Weizsaecker-06-768x541.jpg 768w, http:\/\/sintiundroma-nrw.de\/wordpress\/wp-content\/uploads\/2021\/01\/Weizsaecker-06-1536x1083.jpg 1536w\" sizes=\"(max-width: 1736px) 100vw, 1736px\" \/><\/a>\n\t\t\t<\/div><\/figure><figure class='gallery-item'>\n\t\t\t<div class='gallery-icon landscape'>\n\t\t\t\t<a data-elementor-open-lightbox=\"yes\" data-elementor-lightbox-slideshow=\"92f6e4e\" data-elementor-lightbox-title=\"Weizsaecker 02\" data-e-action-hash=\"#elementor-action%3Aaction%3Dlightbox%26settings%3DeyJpZCI6MjYwMSwidXJsIjoiaHR0cDpcL1wvc2ludGl1bmRyb21hLW5ydy5kZVwvd29yZHByZXNzXC93cC1jb250ZW50XC91cGxvYWRzXC8yMDIxXC8wMVwvV2VpenNhZWNrZXItMDItZTE3NTY4MTUwMzczNzYuanBnIiwic2xpZGVzaG93IjoiOTJmNmU0ZSJ9\" href='http:\/\/sintiundroma-nrw.de\/wordpress\/wp-content\/uploads\/2021\/01\/Weizsaecker-02-e1756815037376.jpg'><img loading=\"lazy\" decoding=\"async\" width=\"1623\" height=\"1230\" src=\"http:\/\/sintiundroma-nrw.de\/wordpress\/wp-content\/uploads\/2021\/01\/Weizsaecker-02-e1756815037376.jpg\" class=\"attachment-full size-full\" alt=\"\" srcset=\"http:\/\/sintiundroma-nrw.de\/wordpress\/wp-content\/uploads\/2021\/01\/Weizsaecker-02-e1756815037376.jpg 1623w, http:\/\/sintiundroma-nrw.de\/wordpress\/wp-content\/uploads\/2021\/01\/Weizsaecker-02-e1756815037376-300x227.jpg 300w, http:\/\/sintiundroma-nrw.de\/wordpress\/wp-content\/uploads\/2021\/01\/Weizsaecker-02-e1756815037376-1024x776.jpg 1024w, http:\/\/sintiundroma-nrw.de\/wordpress\/wp-content\/uploads\/2021\/01\/Weizsaecker-02-e1756815037376-768x582.jpg 768w, http:\/\/sintiundroma-nrw.de\/wordpress\/wp-content\/uploads\/2021\/01\/Weizsaecker-02-e1756815037376-1536x1164.jpg 1536w\" sizes=\"(max-width: 1623px) 100vw, 1623px\" \/><\/a>\n\t\t\t<\/div><\/figure><figure class='gallery-item'>\n\t\t\t<div class='gallery-icon landscape'>\n\t\t\t\t<a data-elementor-open-lightbox=\"yes\" data-elementor-lightbox-slideshow=\"92f6e4e\" data-elementor-lightbox-title=\"Weizsaecker 01\" data-e-action-hash=\"#elementor-action%3Aaction%3Dlightbox%26settings%3DeyJpZCI6MjYwMCwidXJsIjoiaHR0cDpcL1wvc2ludGl1bmRyb21hLW5ydy5kZVwvd29yZHByZXNzXC93cC1jb250ZW50XC91cGxvYWRzXC8yMDIxXC8wMVwvV2VpenNhZWNrZXItMDEuanBnIiwic2xpZGVzaG93IjoiOTJmNmU0ZSJ9\" href='http:\/\/sintiundroma-nrw.de\/wordpress\/wp-content\/uploads\/2021\/01\/Weizsaecker-01.jpg'><img loading=\"lazy\" decoding=\"async\" width=\"1455\" height=\"1171\" src=\"http:\/\/sintiundroma-nrw.de\/wordpress\/wp-content\/uploads\/2021\/01\/Weizsaecker-01.jpg\" class=\"attachment-full size-full\" alt=\"\" srcset=\"http:\/\/sintiundroma-nrw.de\/wordpress\/wp-content\/uploads\/2021\/01\/Weizsaecker-01.jpg 1455w, http:\/\/sintiundroma-nrw.de\/wordpress\/wp-content\/uploads\/2021\/01\/Weizsaecker-01-300x241.jpg 300w, http:\/\/sintiundroma-nrw.de\/wordpress\/wp-content\/uploads\/2021\/01\/Weizsaecker-01-1024x824.jpg 1024w, http:\/\/sintiundroma-nrw.de\/wordpress\/wp-content\/uploads\/2021\/01\/Weizsaecker-01-768x618.jpg 768w\" sizes=\"(max-width: 1455px) 100vw, 1455px\" \/><\/a>\n\t\t\t<\/div><\/figure><figure class='gallery-item'>\n\t\t\t<div class='gallery-icon portrait'>\n\t\t\t\t<a data-elementor-open-lightbox=\"yes\" data-elementor-lightbox-slideshow=\"92f6e4e\" data-elementor-lightbox-title=\"Weizsaecker 11\" data-e-action-hash=\"#elementor-action%3Aaction%3Dlightbox%26settings%3DeyJpZCI6MjYwOSwidXJsIjoiaHR0cDpcL1wvc2ludGl1bmRyb21hLW5ydy5kZVwvd29yZHByZXNzXC93cC1jb250ZW50XC91cGxvYWRzXC8yMDIxXC8wMVwvV2VpenNhZWNrZXItMTEtc2NhbGVkLmpwZyIsInNsaWRlc2hvdyI6IjkyZjZlNGUifQ%3D%3D\" href='http:\/\/sintiundroma-nrw.de\/wordpress\/wp-content\/uploads\/2021\/01\/Weizsaecker-11-scaled.jpg'><img loading=\"lazy\" decoding=\"async\" width=\"1555\" height=\"2560\" src=\"http:\/\/sintiundroma-nrw.de\/wordpress\/wp-content\/uploads\/2021\/01\/Weizsaecker-11-scaled.jpg\" class=\"attachment-full size-full\" alt=\"\" srcset=\"http:\/\/sintiundroma-nrw.de\/wordpress\/wp-content\/uploads\/2021\/01\/Weizsaecker-11-scaled.jpg 1555w, http:\/\/sintiundroma-nrw.de\/wordpress\/wp-content\/uploads\/2021\/01\/Weizsaecker-11-182x300.jpg 182w, http:\/\/sintiundroma-nrw.de\/wordpress\/wp-content\/uploads\/2021\/01\/Weizsaecker-11-622x1024.jpg 622w, http:\/\/sintiundroma-nrw.de\/wordpress\/wp-content\/uploads\/2021\/01\/Weizsaecker-11-768x1264.jpg 768w, http:\/\/sintiundroma-nrw.de\/wordpress\/wp-content\/uploads\/2021\/01\/Weizsaecker-11-933x1536.jpg 933w, http:\/\/sintiundroma-nrw.de\/wordpress\/wp-content\/uploads\/2021\/01\/Weizsaecker-11-1244x2048.jpg 1244w\" sizes=\"(max-width: 1555px) 100vw, 1555px\" \/><\/a>\n\t\t\t<\/div><\/figure>\n\t\t<\/div>\n\t\t<\/div>\n\t\t\t\t\t\t<\/div>\n\t\t\t\t<\/div>\n\t\t\t\t\t<\/div>\n\t\t<\/div>\n\t\t\t\t\t<\/div>\n\t\t<\/section>\n\t\t\t\t<\/div>\n\t\t","protected":false},"excerpt":{"rendered":"<p>1993 Anl\u00e4sslich des 60. Jahrestages der Macht\u00fcbernahme der Nazis empfing Bundespr\u00e4sident Richard von Weizs\u00e4cker eine Delegation Deutscher Sinti und Roma. Darunter waren der Vorsitzende des Zentralrats Deutscher Sinti und Roma, Romani Rose, der 1. Vorsitzende des Landesverbands Deutscher Sinti und Roma in NRW, Hugo Franz sowie \u00dcberlebende des Konzentrationslagers Auschwitz. Der Zentralrat Deutscher Sinti und [&hellip;]<\/p>\n","protected":false},"author":1,"featured_media":0,"parent":0,"menu_order":0,"comment_status":"closed","ping_status":"closed","template":"","meta":{"footnotes":""},"class_list":["post-2328","page","type-page","status-publish","hentry"],"yoast_head":"<!-- This site is optimized with the Yoast SEO plugin v27.2 - https:\/\/yoast.com\/product\/yoast-seo-wordpress\/ -->\n<title>R\u00fcckblick 1993 - Landesverband deutscher Sinti und Roma NRW<\/title>\n<meta name=\"robots\" content=\"index, follow, max-snippet:-1, max-image-preview:large, max-video-preview:-1\" \/>\n<link rel=\"canonical\" href=\"http:\/\/sintiundroma-nrw.de\/wordpress\/rueckblick-1993\/\" \/>\n<meta property=\"og:locale\" content=\"de_DE\" \/>\n<meta property=\"og:type\" content=\"article\" \/>\n<meta property=\"og:title\" content=\"R\u00fcckblick 1993 - Landesverband deutscher Sinti und Roma NRW\" \/>\n<meta property=\"og:description\" content=\"1993 Anl\u00e4sslich des 60. Jahrestages der Macht\u00fcbernahme der Nazis empfing Bundespr\u00e4sident Richard von Weizs\u00e4cker eine Delegation Deutscher Sinti und Roma. Darunter waren der Vorsitzende des Zentralrats Deutscher Sinti und Roma, Romani Rose, der 1. Vorsitzende des Landesverbands Deutscher Sinti und Roma in NRW, Hugo Franz sowie \u00dcberlebende des Konzentrationslagers Auschwitz. Der Zentralrat Deutscher Sinti und [&hellip;]\" \/>\n<meta property=\"og:url\" content=\"http:\/\/sintiundroma-nrw.de\/wordpress\/rueckblick-1993\/\" \/>\n<meta property=\"og:site_name\" content=\"Landesverband deutscher Sinti und Roma NRW\" \/>\n<meta property=\"article:modified_time\" content=\"2025-09-02T12:11:29+00:00\" \/>\n<meta property=\"og:image\" content=\"http:\/\/sintiundroma-nrw.de\/wordpress\/wp-content\/uploads\/2021\/01\/Weizsaecker-09-e1618993776147.jpg\" \/>\n<meta name=\"twitter:card\" content=\"summary_large_image\" \/>\n<meta name=\"twitter:label1\" content=\"Gesch\u00e4tzte Lesezeit\" \/>\n\t<meta name=\"twitter:data1\" content=\"2\u00a0Minuten\" \/>\n<script type=\"application\/ld+json\" class=\"yoast-schema-graph\">{\"@context\":\"https:\/\/schema.org\",\"@graph\":[{\"@type\":\"WebPage\",\"@id\":\"http:\/\/sintiundroma-nrw.de\/wordpress\/rueckblick-1993\/\",\"url\":\"http:\/\/sintiundroma-nrw.de\/wordpress\/rueckblick-1993\/\",\"name\":\"R\u00fcckblick 1993 - Landesverband deutscher Sinti und Roma NRW\",\"isPartOf\":{\"@id\":\"https:\/\/sintiundroma-nrw.de\/wordpress\/#website\"},\"primaryImageOfPage\":{\"@id\":\"http:\/\/sintiundroma-nrw.de\/wordpress\/rueckblick-1993\/#primaryimage\"},\"image\":{\"@id\":\"http:\/\/sintiundroma-nrw.de\/wordpress\/rueckblick-1993\/#primaryimage\"},\"thumbnailUrl\":\"http:\/\/sintiundroma-nrw.de\/wordpress\/wp-content\/uploads\/2021\/01\/Weizsaecker-09-e1618993776147.jpg\",\"datePublished\":\"2021-01-07T13:36:31+00:00\",\"dateModified\":\"2025-09-02T12:11:29+00:00\",\"breadcrumb\":{\"@id\":\"http:\/\/sintiundroma-nrw.de\/wordpress\/rueckblick-1993\/#breadcrumb\"},\"inLanguage\":\"de\",\"potentialAction\":[{\"@type\":\"ReadAction\",\"target\":[\"http:\/\/sintiundroma-nrw.de\/wordpress\/rueckblick-1993\/\"]}]},{\"@type\":\"ImageObject\",\"inLanguage\":\"de\",\"@id\":\"http:\/\/sintiundroma-nrw.de\/wordpress\/rueckblick-1993\/#primaryimage\",\"url\":\"http:\/\/sintiundroma-nrw.de\/wordpress\/wp-content\/uploads\/2021\/01\/Weizsaecker-09-e1618993776147.jpg\",\"contentUrl\":\"http:\/\/sintiundroma-nrw.de\/wordpress\/wp-content\/uploads\/2021\/01\/Weizsaecker-09-e1618993776147.jpg\"},{\"@type\":\"BreadcrumbList\",\"@id\":\"http:\/\/sintiundroma-nrw.de\/wordpress\/rueckblick-1993\/#breadcrumb\",\"itemListElement\":[{\"@type\":\"ListItem\",\"position\":1,\"name\":\"Startseite\",\"item\":\"https:\/\/sintiundroma-nrw.de\/wordpress\/\"},{\"@type\":\"ListItem\",\"position\":2,\"name\":\"R\u00fcckblick 1993\"}]},{\"@type\":\"WebSite\",\"@id\":\"https:\/\/sintiundroma-nrw.de\/wordpress\/#website\",\"url\":\"https:\/\/sintiundroma-nrw.de\/wordpress\/\",\"name\":\"Landesverband deutscher Sinti und Roma NRW\",\"description\":\"Sinti &amp; Roma NRW\",\"publisher\":{\"@id\":\"https:\/\/sintiundroma-nrw.de\/wordpress\/#organization\"},\"potentialAction\":[{\"@type\":\"SearchAction\",\"target\":{\"@type\":\"EntryPoint\",\"urlTemplate\":\"https:\/\/sintiundroma-nrw.de\/wordpress\/?s={search_term_string}\"},\"query-input\":{\"@type\":\"PropertyValueSpecification\",\"valueRequired\":true,\"valueName\":\"search_term_string\"}}],\"inLanguage\":\"de\"},{\"@type\":\"Organization\",\"@id\":\"https:\/\/sintiundroma-nrw.de\/wordpress\/#organization\",\"name\":\"Verband Deutscher Sinti und Roma NRW\",\"url\":\"https:\/\/sintiundroma-nrw.de\/wordpress\/\",\"logo\":{\"@type\":\"ImageObject\",\"inLanguage\":\"de\",\"@id\":\"https:\/\/sintiundroma-nrw.de\/wordpress\/#\/schema\/logo\/image\/\",\"url\":\"http:\/\/sintiundroma-nrw.de\/wordpress\/wp-content\/uploads\/2019\/06\/logo-ot.jpg\",\"contentUrl\":\"http:\/\/sintiundroma-nrw.de\/wordpress\/wp-content\/uploads\/2019\/06\/logo-ot.jpg\",\"width\":63,\"height\":56,\"caption\":\"Verband Deutscher Sinti und Roma NRW\"},\"image\":{\"@id\":\"https:\/\/sintiundroma-nrw.de\/wordpress\/#\/schema\/logo\/image\/\"}}]}<\/script>\n<!-- \/ Yoast SEO plugin. -->","yoast_head_json":{"title":"R\u00fcckblick 1993 - Landesverband deutscher Sinti und Roma NRW","robots":{"index":"index","follow":"follow","max-snippet":"max-snippet:-1","max-image-preview":"max-image-preview:large","max-video-preview":"max-video-preview:-1"},"canonical":"http:\/\/sintiundroma-nrw.de\/wordpress\/rueckblick-1993\/","og_locale":"de_DE","og_type":"article","og_title":"R\u00fcckblick 1993 - Landesverband deutscher Sinti und Roma NRW","og_description":"1993 Anl\u00e4sslich des 60. Jahrestages der Macht\u00fcbernahme der Nazis empfing Bundespr\u00e4sident Richard von Weizs\u00e4cker eine Delegation Deutscher Sinti und Roma. Darunter waren der Vorsitzende des Zentralrats Deutscher Sinti und Roma, Romani Rose, der 1. Vorsitzende des Landesverbands Deutscher Sinti und Roma in NRW, Hugo Franz sowie \u00dcberlebende des Konzentrationslagers Auschwitz. Der Zentralrat Deutscher Sinti und [&hellip;]","og_url":"http:\/\/sintiundroma-nrw.de\/wordpress\/rueckblick-1993\/","og_site_name":"Landesverband deutscher Sinti und Roma NRW","article_modified_time":"2025-09-02T12:11:29+00:00","og_image":[{"url":"http:\/\/sintiundroma-nrw.de\/wordpress\/wp-content\/uploads\/2021\/01\/Weizsaecker-09-e1618993776147.jpg","type":"","width":"","height":""}],"twitter_card":"summary_large_image","twitter_misc":{"Gesch\u00e4tzte Lesezeit":"2\u00a0Minuten"},"schema":{"@context":"https:\/\/schema.org","@graph":[{"@type":"WebPage","@id":"http:\/\/sintiundroma-nrw.de\/wordpress\/rueckblick-1993\/","url":"http:\/\/sintiundroma-nrw.de\/wordpress\/rueckblick-1993\/","name":"R\u00fcckblick 1993 - Landesverband deutscher Sinti und Roma NRW","isPartOf":{"@id":"https:\/\/sintiundroma-nrw.de\/wordpress\/#website"},"primaryImageOfPage":{"@id":"http:\/\/sintiundroma-nrw.de\/wordpress\/rueckblick-1993\/#primaryimage"},"image":{"@id":"http:\/\/sintiundroma-nrw.de\/wordpress\/rueckblick-1993\/#primaryimage"},"thumbnailUrl":"http:\/\/sintiundroma-nrw.de\/wordpress\/wp-content\/uploads\/2021\/01\/Weizsaecker-09-e1618993776147.jpg","datePublished":"2021-01-07T13:36:31+00:00","dateModified":"2025-09-02T12:11:29+00:00","breadcrumb":{"@id":"http:\/\/sintiundroma-nrw.de\/wordpress\/rueckblick-1993\/#breadcrumb"},"inLanguage":"de","potentialAction":[{"@type":"ReadAction","target":["http:\/\/sintiundroma-nrw.de\/wordpress\/rueckblick-1993\/"]}]},{"@type":"ImageObject","inLanguage":"de","@id":"http:\/\/sintiundroma-nrw.de\/wordpress\/rueckblick-1993\/#primaryimage","url":"http:\/\/sintiundroma-nrw.de\/wordpress\/wp-content\/uploads\/2021\/01\/Weizsaecker-09-e1618993776147.jpg","contentUrl":"http:\/\/sintiundroma-nrw.de\/wordpress\/wp-content\/uploads\/2021\/01\/Weizsaecker-09-e1618993776147.jpg"},{"@type":"BreadcrumbList","@id":"http:\/\/sintiundroma-nrw.de\/wordpress\/rueckblick-1993\/#breadcrumb","itemListElement":[{"@type":"ListItem","position":1,"name":"Startseite","item":"https:\/\/sintiundroma-nrw.de\/wordpress\/"},{"@type":"ListItem","position":2,"name":"R\u00fcckblick 1993"}]},{"@type":"WebSite","@id":"https:\/\/sintiundroma-nrw.de\/wordpress\/#website","url":"https:\/\/sintiundroma-nrw.de\/wordpress\/","name":"Landesverband deutscher Sinti und Roma NRW","description":"Sinti &amp; Roma NRW","publisher":{"@id":"https:\/\/sintiundroma-nrw.de\/wordpress\/#organization"},"potentialAction":[{"@type":"SearchAction","target":{"@type":"EntryPoint","urlTemplate":"https:\/\/sintiundroma-nrw.de\/wordpress\/?s={search_term_string}"},"query-input":{"@type":"PropertyValueSpecification","valueRequired":true,"valueName":"search_term_string"}}],"inLanguage":"de"},{"@type":"Organization","@id":"https:\/\/sintiundroma-nrw.de\/wordpress\/#organization","name":"Verband Deutscher Sinti und Roma NRW","url":"https:\/\/sintiundroma-nrw.de\/wordpress\/","logo":{"@type":"ImageObject","inLanguage":"de","@id":"https:\/\/sintiundroma-nrw.de\/wordpress\/#\/schema\/logo\/image\/","url":"http:\/\/sintiundroma-nrw.de\/wordpress\/wp-content\/uploads\/2019\/06\/logo-ot.jpg","contentUrl":"http:\/\/sintiundroma-nrw.de\/wordpress\/wp-content\/uploads\/2019\/06\/logo-ot.jpg","width":63,"height":56,"caption":"Verband Deutscher Sinti und Roma NRW"},"image":{"@id":"https:\/\/sintiundroma-nrw.de\/wordpress\/#\/schema\/logo\/image\/"}}]}},"_links":{"self":[{"href":"http:\/\/sintiundroma-nrw.de\/wordpress\/wp-json\/wp\/v2\/pages\/2328","targetHints":{"allow":["GET"]}}],"collection":[{"href":"http:\/\/sintiundroma-nrw.de\/wordpress\/wp-json\/wp\/v2\/pages"}],"about":[{"href":"http:\/\/sintiundroma-nrw.de\/wordpress\/wp-json\/wp\/v2\/types\/page"}],"author":[{"embeddable":true,"href":"http:\/\/sintiundroma-nrw.de\/wordpress\/wp-json\/wp\/v2\/users\/1"}],"replies":[{"embeddable":true,"href":"http:\/\/sintiundroma-nrw.de\/wordpress\/wp-json\/wp\/v2\/comments?post=2328"}],"version-history":[{"count":25,"href":"http:\/\/sintiundroma-nrw.de\/wordpress\/wp-json\/wp\/v2\/pages\/2328\/revisions"}],"predecessor-version":[{"id":13239,"href":"http:\/\/sintiundroma-nrw.de\/wordpress\/wp-json\/wp\/v2\/pages\/2328\/revisions\/13239"}],"wp:attachment":[{"href":"http:\/\/sintiundroma-nrw.de\/wordpress\/wp-json\/wp\/v2\/media?parent=2328"}],"curies":[{"name":"wp","href":"https:\/\/api.w.org\/{rel}","templated":true}]}}